{"id":143,"date":"2016-06-20T07:48:11","date_gmt":"2016-06-20T07:48:11","guid":{"rendered":"http:\/\/sw-themes.com\/porto_dummy\/?page_id=143"},"modified":"2025-06-26T18:32:40","modified_gmt":"2025-06-26T18:32:40","slug":"home","status":"publish","type":"page","link":"https:\/\/www.toklutarim.com.tr\/en\/","title":{"rendered":"Home"},"content":{"rendered":"<section class=\"wpb-content-wrapper\"><div class=\"vc_row wpb_row top-row porto-inner-container\"><div class=\"porto-wrap-container container\"><div class=\"row\"><div class=\"vc_column_container col-md-6\"><div class=\"wpb_wrapper vc_column-inner\"><div class=\"vc_empty_space\"   style=\"height: 50px\"><span class=\"vc_empty_space_inner\"><\/span><\/div><h2 style=\"font-size: 25px\" class=\"vc_custom_heading vc_custom_1691574056616 align-left\" ><b>About Us<\/b><\/h2>\n\t<div class=\"wpb_text_column wpb_content_element\" >\n\t\t<div class=\"wpb_wrapper\">\n\t\t\t<p><span style=\"font-size: 17px;\">Our journey started as a citrus producer in 2000 and continued by expanding our production capacity with citrus, peach, plum, apricot, pomegranate gardens, banana greenhouses and cold storage facility investments and reached to a reputable position in the sector &amp; region with our customer satisfaction &amp; quality product oriented approach.<\/span><\/p>\n<p><span style=\"font-size: 17px;\">Our company is operating as growing citrus fruits, stone fruits, pomegranates, bananas, including dry-irrigated agriculture in the Adana region and takes steps to strengthen its position in the sector with its investments in citrus-fruit packaging plant, cold storage facility and citrus&amp;fruit export under \u201cQUA Fruits &amp; Vegetables\u201d brand to meet the needs of its customers. Our company continues to its commercial activities with its innovative investments.<\/span><\/p>\n\n\t\t<\/div>\n\t<\/div>\n<div class=\"vc_btn3-container vc_btn3-inline\" >\r\n\t<a class=\"vc_btn3 vc_btn3-shape-round wpb_custom_6687b26f39488ddbb85ddb3c1ce8e111 btn btn-borders btn-md btn-primary btn-arrow\" href=\"https:\/\/www.toklutarim.com.tr\/en\/kurumsal\/hakkimizda\/\" title=\"\">Read More<span class=\"icon-wrapper\"><i class=\"fas fa-chevron-right\"><\/i><\/span><\/a>\t<\/div>\r\n<\/div><\/div><div class=\"vc_column_container col-md-6\"><div class=\"wpb_wrapper vc_column-inner\">\r\n\t<div class=\"wpb_single_image wpb_content_element vc_align_left\">\r\n\t\t<div class=\"wpb_wrapper\">\r\n\t\t\t\r\n\t\t\t<div class=\"vc_single_image-wrapper   vc_box_border_grey\"><img loading=\"lazy\" decoding=\"async\" width=\"1000\" height=\"1000\" src=\"https:\/\/www.toklutarim.com.tr\/wp-content\/uploads\/2023\/08\/hakkimizda.png\" class=\"vc_single_image-img attachment-full\" alt=\"\" title=\"hakkimizda\" srcset=\"https:\/\/www.toklutarim.com.tr\/wp-content\/uploads\/2023\/08\/hakkimizda.png 1000w, https:\/\/www.toklutarim.com.tr\/wp-content\/uploads\/2023\/08\/hakkimizda-768x768.png 768w, https:\/\/www.toklutarim.com.tr\/wp-content\/uploads\/2023\/08\/hakkimizda-640x640.png 640w, https:\/\/www.toklutarim.com.tr\/wp-content\/uploads\/2023\/08\/hakkimizda-400x400.png 400w\" sizes=\"auto, (max-width: 1000px) 100vw, 1000px\" \/><\/div>\r\n\t\t<\/div>\r\n\t<\/div>\r\n<\/div><\/div><div class=\"vc_column_container col-md-12\"><div class=\"wpb_wrapper vc_column-inner\"><div class=\"porto-separator\"><hr class=\"separator-line  align_center\" style=\"background-image: -webkit-linear-gradient(left, transparent, grey, transparent); background-image: linear-gradient(to right, transparent, grey, transparent);\"><\/div><\/div><\/div><\/div><\/div><\/div><div class=\"vc_row wpb_row top-row porto-inner-container\"><div class=\"porto-wrap-container container\"><div class=\"row\"><div class=\"vc_column_container col-md-12\"><div class=\"wpb_wrapper vc_column-inner\"><h2 style=\"font-size: 28px;text-align: center\" class=\"vc_custom_heading vc_custom_1691651805065\" ><b>Products<\/b><\/h2><div class=\"porto-u-heading  wpb_custom_474f55f15537cff462316b5f934f559c porto-u-7732\"><div class=\"porto-u-sub-heading\" style=\"color: #3e3e3e;\">Citrus Group<\/div><style>.porto-u-7732.porto-u-heading{text-align:center}<\/style><\/div><div id=\"porto-products-2783\" class=\"porto-products wpb_content_element awq_onimage wpb_custom_c9b29ede315f81ce7e062dc664e7ed90\"><div class=\"slider-wrapper\"><div class=\"woocommerce columns-4\"><ul class=\"products products-container products-slider owl-carousel show-nav-title show-nav-middle pcols-lg-4 pcols-md-3 pcols-xs-2 pcols-ls-1 pwidth-lg-4 pwidth-md-3 pwidth-xs-2 pwidth-ls-1 is-shortcode\"\r\n\t\tdata-plugin-options=\"{&quot;themeConfig&quot;:true,&quot;lg&quot;:4,&quot;md&quot;:3,&quot;xs&quot;:2,&quot;ls&quot;:1,&quot;nav&quot;:true}\" data-product_layout=\"product-awq_onimage\">\r\n\r\n<li class=\"product-col product-awq_onimage product type-product post-2819 status-publish first instock product_cat-narenciye has-post-thumbnail shipping-taxable product-type-simple\">\r\n<div class=\"product-inner\">\r\n\t\r\n\t<div class=\"product-image\">\r\n\r\n\t\t<a  href=\"https:\/\/www.toklutarim.com.tr\/en\/product\/mandalina\/\" aria-label=\"product\">\r\n\t\t\t<div class=\"inner\"><img loading=\"lazy\" decoding=\"async\" width=\"900\" height=\"675\" src=\"https:\/\/www.toklutarim.com.tr\/wp-content\/uploads\/2023\/08\/mandalina-.jpg\" class=\"wp-post-image\" alt=\"\" srcset=\"https:\/\/www.toklutarim.com.tr\/wp-content\/uploads\/2023\/08\/mandalina-.jpg 900w, https:\/\/www.toklutarim.com.tr\/wp-content\/uploads\/2023\/08\/mandalina--768x576.jpg 768w, https:\/\/www.toklutarim.com.tr\/wp-content\/uploads\/2023\/08\/mandalina--463x348.jpg 463w, https:\/\/www.toklutarim.com.tr\/wp-content\/uploads\/2023\/08\/mandalina--640x480.jpg 640w, https:\/\/www.toklutarim.com.tr\/wp-content\/uploads\/2023\/08\/mandalina--400x300.jpg 400w, https:\/\/www.toklutarim.com.tr\/wp-content\/uploads\/2023\/08\/mandalina--367x275.jpg 367w\" sizes=\"auto, (max-width: 900px) 100vw, 900px\" \/><\/div>\t\t<\/a>\r\n\t\t\t<div class=\"links-on-image\">\r\n\t\t\t<div class=\"add-links-wrap\">\r\n\t<div class=\"add-links no-effect clearfix\">\r\n\t\t<a href=\"https:\/\/www.toklutarim.com.tr\/en\/product\/mandalina\/\" data-quantity=\"1\" class=\"viewcart-style-1 button product_type_simple add_to_cart_read_more\" data-product_id=\"2819\" data-product_sku=\"\" aria-label=\"Browse the Product\" aria-describedby=\"\" rel=\"nofollow\" data-no-translation=\"\" data-trp-gettext=\"\" data-no-translation-aria-label=\"\">Read more<\/a>\t<\/div>\r\n\t<\/div>\r\n\t\t<\/div>\r\n\t\t\t<\/div>\r\n\r\n\t<div class=\"product-content\">\r\n\t\t<span class=\"category-list\"><a href=\"https:\/\/www.toklutarim.com.tr\/en\/product-category\/narenciye\/\" rel=\"tag\">Citrus<\/a><\/span>\r\n\t\t\t<a class=\"product-loop-title\"  href=\"https:\/\/www.toklutarim.com.tr\/en\/product\/mandalina\/\">\r\n\t<h3 class=\"woocommerce-loop-product__title\">Mandarin<\/h3>\t<\/a>\r\n\t\r\n\t\t\r\n\t\t\t<\/div>\r\n<\/div>\r\n<\/li>\r\n\r\n<li class=\"product-col product-awq_onimage product type-product post-2821 status-publish instock product_cat-narenciye has-post-thumbnail shipping-taxable product-type-simple\">\r\n<div class=\"product-inner\">\r\n\t\r\n\t<div class=\"product-image\">\r\n\r\n\t\t<a  href=\"https:\/\/www.toklutarim.com.tr\/en\/product\/limon\/\" aria-label=\"product\">\r\n\t\t\t<div class=\"inner\"><img loading=\"lazy\" decoding=\"async\" width=\"900\" height=\"675\" src=\"https:\/\/www.toklutarim.com.tr\/wp-content\/uploads\/2023\/08\/limon-.jpg\" class=\"wp-post-image\" alt=\"\" srcset=\"https:\/\/www.toklutarim.com.tr\/wp-content\/uploads\/2023\/08\/limon-.jpg 900w, https:\/\/www.toklutarim.com.tr\/wp-content\/uploads\/2023\/08\/limon--768x576.jpg 768w, https:\/\/www.toklutarim.com.tr\/wp-content\/uploads\/2023\/08\/limon--463x348.jpg 463w, https:\/\/www.toklutarim.com.tr\/wp-content\/uploads\/2023\/08\/limon--640x480.jpg 640w, https:\/\/www.toklutarim.com.tr\/wp-content\/uploads\/2023\/08\/limon--400x300.jpg 400w\" sizes=\"auto, (max-width: 900px) 100vw, 900px\" \/><\/div>\t\t<\/a>\r\n\t\t\t<div class=\"links-on-image\">\r\n\t\t\t<div class=\"add-links-wrap\">\r\n\t<div class=\"add-links no-effect clearfix\">\r\n\t\t<a href=\"https:\/\/www.toklutarim.com.tr\/en\/product\/limon\/\" data-quantity=\"1\" class=\"viewcart-style-1 button product_type_simple add_to_cart_read_more\" data-product_id=\"2821\" data-product_sku=\"\" aria-label=\"Browse the Product\" aria-describedby=\"\" rel=\"nofollow\" data-no-translation=\"\" data-trp-gettext=\"\" data-no-translation-aria-label=\"\">Read more<\/a>\t<\/div>\r\n\t<\/div>\r\n\t\t<\/div>\r\n\t\t\t<\/div>\r\n\r\n\t<div class=\"product-content\">\r\n\t\t<span class=\"category-list\"><a href=\"https:\/\/www.toklutarim.com.tr\/en\/product-category\/narenciye\/\" rel=\"tag\">Citrus<\/a><\/span>\r\n\t\t\t<a class=\"product-loop-title\"  href=\"https:\/\/www.toklutarim.com.tr\/en\/product\/limon\/\">\r\n\t<h3 class=\"woocommerce-loop-product__title\">Lemon<\/h3>\t<\/a>\r\n\t\r\n\t\t\r\n\t\t\t<\/div>\r\n<\/div>\r\n<\/li>\r\n\r\n<li class=\"product-col product-awq_onimage product type-product post-2823 status-publish instock product_cat-narenciye has-post-thumbnail shipping-taxable product-type-simple\">\r\n<div class=\"product-inner\">\r\n\t\r\n\t<div class=\"product-image\">\r\n\r\n\t\t<a  href=\"https:\/\/www.toklutarim.com.tr\/en\/product\/portakal\/\" aria-label=\"product\">\r\n\t\t\t<div class=\"inner\"><img loading=\"lazy\" decoding=\"async\" width=\"900\" height=\"675\" src=\"https:\/\/www.toklutarim.com.tr\/wp-content\/uploads\/2023\/08\/portakal-.jpg\" class=\"wp-post-image\" alt=\"\" srcset=\"https:\/\/www.toklutarim.com.tr\/wp-content\/uploads\/2023\/08\/portakal-.jpg 900w, https:\/\/www.toklutarim.com.tr\/wp-content\/uploads\/2023\/08\/portakal--768x576.jpg 768w, https:\/\/www.toklutarim.com.tr\/wp-content\/uploads\/2023\/08\/portakal--463x348.jpg 463w, https:\/\/www.toklutarim.com.tr\/wp-content\/uploads\/2023\/08\/portakal--640x480.jpg 640w, https:\/\/www.toklutarim.com.tr\/wp-content\/uploads\/2023\/08\/portakal--400x300.jpg 400w\" sizes=\"auto, (max-width: 900px) 100vw, 900px\" \/><\/div>\t\t<\/a>\r\n\t\t\t<div class=\"links-on-image\">\r\n\t\t\t<div class=\"add-links-wrap\">\r\n\t<div class=\"add-links no-effect clearfix\">\r\n\t\t<a href=\"https:\/\/www.toklutarim.com.tr\/en\/product\/portakal\/\" data-quantity=\"1\" class=\"viewcart-style-1 button product_type_simple add_to_cart_read_more\" data-product_id=\"2823\" data-product_sku=\"\" aria-label=\"Browse the Product\" aria-describedby=\"\" rel=\"nofollow\" data-no-translation=\"\" data-trp-gettext=\"\" data-no-translation-aria-label=\"\">Read more<\/a>\t<\/div>\r\n\t<\/div>\r\n\t\t<\/div>\r\n\t\t\t<\/div>\r\n\r\n\t<div class=\"product-content\">\r\n\t\t<span class=\"category-list\"><a href=\"https:\/\/www.toklutarim.com.tr\/en\/product-category\/narenciye\/\" rel=\"tag\">Citrus<\/a><\/span>\r\n\t\t\t<a class=\"product-loop-title\"  href=\"https:\/\/www.toklutarim.com.tr\/en\/product\/portakal\/\">\r\n\t<h3 class=\"woocommerce-loop-product__title\">Orange<\/h3>\t<\/a>\r\n\t\r\n\t\t\r\n\t\t\t<\/div>\r\n<\/div>\r\n<\/li>\r\n\r\n<li class=\"product-col product-awq_onimage product type-product post-2825 status-publish last instock product_cat-narenciye has-post-thumbnail shipping-taxable product-type-simple\">\r\n<div class=\"product-inner\">\r\n\t\r\n\t<div class=\"product-image\">\r\n\r\n\t\t<a  href=\"https:\/\/www.toklutarim.com.tr\/en\/product\/greyfurt\/\" aria-label=\"product\">\r\n\t\t\t<div class=\"inner\"><img loading=\"lazy\" decoding=\"async\" width=\"900\" height=\"675\" src=\"https:\/\/www.toklutarim.com.tr\/wp-content\/uploads\/2023\/08\/greyfurt.jpg\" class=\"wp-post-image\" alt=\"\" srcset=\"https:\/\/www.toklutarim.com.tr\/wp-content\/uploads\/2023\/08\/greyfurt.jpg 900w, https:\/\/www.toklutarim.com.tr\/wp-content\/uploads\/2023\/08\/greyfurt-768x576.jpg 768w, https:\/\/www.toklutarim.com.tr\/wp-content\/uploads\/2023\/08\/greyfurt-463x348.jpg 463w, https:\/\/www.toklutarim.com.tr\/wp-content\/uploads\/2023\/08\/greyfurt-640x480.jpg 640w, https:\/\/www.toklutarim.com.tr\/wp-content\/uploads\/2023\/08\/greyfurt-400x300.jpg 400w\" sizes=\"auto, (max-width: 900px) 100vw, 900px\" \/><\/div>\t\t<\/a>\r\n\t\t\t<div class=\"links-on-image\">\r\n\t\t\t<div class=\"add-links-wrap\">\r\n\t<div class=\"add-links no-effect clearfix\">\r\n\t\t<a href=\"https:\/\/www.toklutarim.com.tr\/en\/product\/greyfurt\/\" data-quantity=\"1\" class=\"viewcart-style-1 button product_type_simple add_to_cart_read_more\" data-product_id=\"2825\" data-product_sku=\"\" aria-label=\"Browse the Product\" aria-describedby=\"\" rel=\"nofollow\" data-no-translation=\"\" data-trp-gettext=\"\" data-no-translation-aria-label=\"\">Read more<\/a>\t<\/div>\r\n\t<\/div>\r\n\t\t<\/div>\r\n\t\t\t<\/div>\r\n\r\n\t<div class=\"product-content\">\r\n\t\t<span class=\"category-list\"><a href=\"https:\/\/www.toklutarim.com.tr\/en\/product-category\/narenciye\/\" rel=\"tag\">Citrus<\/a><\/span>\r\n\t\t\t<a class=\"product-loop-title\"  href=\"https:\/\/www.toklutarim.com.tr\/en\/product\/greyfurt\/\">\r\n\t<h3 class=\"woocommerce-loop-product__title\">Grapefruit<\/h3>\t<\/a>\r\n\t\r\n\t\t\r\n\t\t\t<\/div>\r\n<\/div>\r\n<\/li>\r\n<\/ul>\r\n<\/div><\/div><\/div><\/div><\/div><\/div><\/div><\/div><div class=\"vc_row wpb_row top-row porto-inner-container\"><div class=\"porto-wrap-container container\"><div class=\"row\"><div class=\"vc_column_container col-md-12\"><div class=\"wpb_wrapper vc_column-inner\"><div class=\"porto-u-heading  wpb_custom_474f55f15537cff462316b5f934f559c porto-u-1355\"><div class=\"porto-u-sub-heading\" style=\"color: #3e3e3e;\">Fruit Group<\/div><style>.porto-u-1355.porto-u-heading{text-align:center}<\/style><\/div><div id=\"porto-products-7807\" class=\"porto-products wpb_content_element awq_onimage wpb_custom_c9b29ede315f81ce7e062dc664e7ed90\"><div class=\"slider-wrapper\"><div class=\"woocommerce columns-5\"><ul class=\"products products-container products-slider owl-carousel show-nav-title show-nav-middle pcols-lg-5 pcols-md-4 pcols-xs-2 pcols-ls-1 pwidth-lg-5 pwidth-md-4 pwidth-xs-2 pwidth-ls-1 is-shortcode\"\r\n\t\tdata-plugin-options=\"{&quot;themeConfig&quot;:true,&quot;lg&quot;:5,&quot;md&quot;:4,&quot;xs&quot;:2,&quot;ls&quot;:1,&quot;nav&quot;:true}\" data-product_layout=\"product-awq_onimage\">\r\n\r\n<li class=\"product-col product-awq_onimage product type-product post-2829 status-publish first instock product_cat-meyve has-post-thumbnail shipping-taxable product-type-simple\">\r\n<div class=\"product-inner\">\r\n\t\r\n\t<div class=\"product-image\">\r\n\r\n\t\t<a  href=\"https:\/\/www.toklutarim.com.tr\/en\/product\/nar\/\" aria-label=\"product\">\r\n\t\t\t<div class=\"inner\"><img loading=\"lazy\" decoding=\"async\" width=\"900\" height=\"675\" src=\"https:\/\/www.toklutarim.com.tr\/wp-content\/uploads\/2023\/08\/nar.jpg\" class=\"wp-post-image\" alt=\"\" srcset=\"https:\/\/www.toklutarim.com.tr\/wp-content\/uploads\/2023\/08\/nar.jpg 900w, https:\/\/www.toklutarim.com.tr\/wp-content\/uploads\/2023\/08\/nar-768x576.jpg 768w, https:\/\/www.toklutarim.com.tr\/wp-content\/uploads\/2023\/08\/nar-463x348.jpg 463w, https:\/\/www.toklutarim.com.tr\/wp-content\/uploads\/2023\/08\/nar-640x480.jpg 640w, https:\/\/www.toklutarim.com.tr\/wp-content\/uploads\/2023\/08\/nar-400x300.jpg 400w\" sizes=\"auto, (max-width: 900px) 100vw, 900px\" \/><\/div>\t\t<\/a>\r\n\t\t\t<div class=\"links-on-image\">\r\n\t\t\t<div class=\"add-links-wrap\">\r\n\t<div class=\"add-links no-effect clearfix\">\r\n\t\t<a href=\"https:\/\/www.toklutarim.com.tr\/en\/product\/nar\/\" data-quantity=\"1\" class=\"viewcart-style-1 button product_type_simple add_to_cart_read_more\" data-product_id=\"2829\" data-product_sku=\"\" aria-label=\"Browse the Product\" aria-describedby=\"\" rel=\"nofollow\" data-no-translation=\"\" data-trp-gettext=\"\" data-no-translation-aria-label=\"\">Read more<\/a>\t<\/div>\r\n\t<\/div>\r\n\t\t<\/div>\r\n\t\t\t<\/div>\r\n\r\n\t<div class=\"product-content\">\r\n\t\t<span class=\"category-list\"><a href=\"https:\/\/www.toklutarim.com.tr\/en\/product-category\/meyve\/\" rel=\"tag\">Fruit<\/a><\/span>\r\n\t\t\t<a class=\"product-loop-title\"  href=\"https:\/\/www.toklutarim.com.tr\/en\/product\/nar\/\">\r\n\t<h3 class=\"woocommerce-loop-product__title\">Pomegranate<\/h3>\t<\/a>\r\n\t\r\n\t\t\r\n\t\t\t<\/div>\r\n<\/div>\r\n<\/li>\r\n\r\n<li class=\"product-col product-awq_onimage product type-product post-2831 status-publish instock product_cat-meyve has-post-thumbnail shipping-taxable product-type-simple\">\r\n<div class=\"product-inner\">\r\n\t\r\n\t<div class=\"product-image\">\r\n\r\n\t\t<a  href=\"https:\/\/www.toklutarim.com.tr\/en\/product\/kayisi\/\" aria-label=\"product\">\r\n\t\t\t<div class=\"inner\"><img loading=\"lazy\" decoding=\"async\" width=\"900\" height=\"675\" src=\"https:\/\/www.toklutarim.com.tr\/wp-content\/uploads\/2023\/08\/kayisi.jpg\" class=\"wp-post-image\" alt=\"\" srcset=\"https:\/\/www.toklutarim.com.tr\/wp-content\/uploads\/2023\/08\/kayisi.jpg 900w, https:\/\/www.toklutarim.com.tr\/wp-content\/uploads\/2023\/08\/kayisi-768x576.jpg 768w, https:\/\/www.toklutarim.com.tr\/wp-content\/uploads\/2023\/08\/kayisi-463x348.jpg 463w, https:\/\/www.toklutarim.com.tr\/wp-content\/uploads\/2023\/08\/kayisi-640x480.jpg 640w, https:\/\/www.toklutarim.com.tr\/wp-content\/uploads\/2023\/08\/kayisi-400x300.jpg 400w\" sizes=\"auto, (max-width: 900px) 100vw, 900px\" \/><\/div>\t\t<\/a>\r\n\t\t\t<div class=\"links-on-image\">\r\n\t\t\t<div class=\"add-links-wrap\">\r\n\t<div class=\"add-links no-effect clearfix\">\r\n\t\t<a href=\"https:\/\/www.toklutarim.com.tr\/en\/product\/kayisi\/\" data-quantity=\"1\" class=\"viewcart-style-1 button product_type_simple add_to_cart_read_more\" data-product_id=\"2831\" data-product_sku=\"\" aria-label=\"Browse the Product\" aria-describedby=\"\" rel=\"nofollow\" data-no-translation=\"\" data-trp-gettext=\"\" data-no-translation-aria-label=\"\">Read more<\/a>\t<\/div>\r\n\t<\/div>\r\n\t\t<\/div>\r\n\t\t\t<\/div>\r\n\r\n\t<div class=\"product-content\">\r\n\t\t<span class=\"category-list\"><a href=\"https:\/\/www.toklutarim.com.tr\/en\/product-category\/meyve\/\" rel=\"tag\">Fruit<\/a><\/span>\r\n\t\t\t<a class=\"product-loop-title\"  href=\"https:\/\/www.toklutarim.com.tr\/en\/product\/kayisi\/\">\r\n\t<h3 class=\"woocommerce-loop-product__title\">Apricot<\/h3>\t<\/a>\r\n\t\r\n\t\t\r\n\t\t\t<\/div>\r\n<\/div>\r\n<\/li>\r\n\r\n<li class=\"product-col product-awq_onimage product type-product post-2833 status-publish instock product_cat-meyve has-post-thumbnail shipping-taxable product-type-simple\">\r\n<div class=\"product-inner\">\r\n\t\r\n\t<div class=\"product-image\">\r\n\r\n\t\t<a  href=\"https:\/\/www.toklutarim.com.tr\/en\/product\/seftali\/\" aria-label=\"product\">\r\n\t\t\t<div class=\"inner\"><img loading=\"lazy\" decoding=\"async\" width=\"900\" height=\"675\" src=\"https:\/\/www.toklutarim.com.tr\/wp-content\/uploads\/2023\/08\/seftali-.jpg\" class=\"wp-post-image\" alt=\"\" srcset=\"https:\/\/www.toklutarim.com.tr\/wp-content\/uploads\/2023\/08\/seftali-.jpg 900w, https:\/\/www.toklutarim.com.tr\/wp-content\/uploads\/2023\/08\/seftali--768x576.jpg 768w, https:\/\/www.toklutarim.com.tr\/wp-content\/uploads\/2023\/08\/seftali--463x348.jpg 463w, https:\/\/www.toklutarim.com.tr\/wp-content\/uploads\/2023\/08\/seftali--640x480.jpg 640w, https:\/\/www.toklutarim.com.tr\/wp-content\/uploads\/2023\/08\/seftali--400x300.jpg 400w\" sizes=\"auto, (max-width: 900px) 100vw, 900px\" \/><\/div>\t\t<\/a>\r\n\t\t\t<div class=\"links-on-image\">\r\n\t\t\t<div class=\"add-links-wrap\">\r\n\t<div class=\"add-links no-effect clearfix\">\r\n\t\t<a href=\"https:\/\/www.toklutarim.com.tr\/en\/product\/seftali\/\" data-quantity=\"1\" class=\"viewcart-style-1 button product_type_simple add_to_cart_read_more\" data-product_id=\"2833\" data-product_sku=\"\" aria-label=\"Browse the Product\" aria-describedby=\"\" rel=\"nofollow\" data-no-translation=\"\" data-trp-gettext=\"\" data-no-translation-aria-label=\"\">Read more<\/a>\t<\/div>\r\n\t<\/div>\r\n\t\t<\/div>\r\n\t\t\t<\/div>\r\n\r\n\t<div class=\"product-content\">\r\n\t\t<span class=\"category-list\"><a href=\"https:\/\/www.toklutarim.com.tr\/en\/product-category\/meyve\/\" rel=\"tag\">Fruit<\/a><\/span>\r\n\t\t\t<a class=\"product-loop-title\"  href=\"https:\/\/www.toklutarim.com.tr\/en\/product\/seftali\/\">\r\n\t<h3 class=\"woocommerce-loop-product__title\">Peach<\/h3>\t<\/a>\r\n\t\r\n\t\t\r\n\t\t\t<\/div>\r\n<\/div>\r\n<\/li>\r\n\r\n<li class=\"product-col product-awq_onimage product type-product post-2835 status-publish instock product_cat-meyve has-post-thumbnail shipping-taxable product-type-simple\">\r\n<div class=\"product-inner\">\r\n\t\r\n\t<div class=\"product-image\">\r\n\r\n\t\t<a  href=\"https:\/\/www.toklutarim.com.tr\/en\/product\/erik\/\" aria-label=\"product\">\r\n\t\t\t<div class=\"inner\"><img loading=\"lazy\" decoding=\"async\" width=\"900\" height=\"675\" src=\"https:\/\/www.toklutarim.com.tr\/wp-content\/uploads\/2023\/08\/erik.jpg\" class=\"wp-post-image\" alt=\"\" srcset=\"https:\/\/www.toklutarim.com.tr\/wp-content\/uploads\/2023\/08\/erik.jpg 900w, https:\/\/www.toklutarim.com.tr\/wp-content\/uploads\/2023\/08\/erik-768x576.jpg 768w, https:\/\/www.toklutarim.com.tr\/wp-content\/uploads\/2023\/08\/erik-463x348.jpg 463w, https:\/\/www.toklutarim.com.tr\/wp-content\/uploads\/2023\/08\/erik-640x480.jpg 640w, https:\/\/www.toklutarim.com.tr\/wp-content\/uploads\/2023\/08\/erik-400x300.jpg 400w\" sizes=\"auto, (max-width: 900px) 100vw, 900px\" \/><\/div>\t\t<\/a>\r\n\t\t\t<div class=\"links-on-image\">\r\n\t\t\t<div class=\"add-links-wrap\">\r\n\t<div class=\"add-links no-effect clearfix\">\r\n\t\t<a href=\"https:\/\/www.toklutarim.com.tr\/en\/product\/erik\/\" data-quantity=\"1\" class=\"viewcart-style-1 button product_type_simple add_to_cart_read_more\" data-product_id=\"2835\" data-product_sku=\"\" aria-label=\"Browse the Product\" aria-describedby=\"\" rel=\"nofollow\" data-no-translation=\"\" data-trp-gettext=\"\" data-no-translation-aria-label=\"\">Read more<\/a>\t<\/div>\r\n\t<\/div>\r\n\t\t<\/div>\r\n\t\t\t<\/div>\r\n\r\n\t<div class=\"product-content\">\r\n\t\t<span class=\"category-list\"><a href=\"https:\/\/www.toklutarim.com.tr\/en\/product-category\/meyve\/\" rel=\"tag\">Fruit<\/a><\/span>\r\n\t\t\t<a class=\"product-loop-title\"  href=\"https:\/\/www.toklutarim.com.tr\/en\/product\/erik\/\">\r\n\t<h3 class=\"woocommerce-loop-product__title\">Plum<\/h3>\t<\/a>\r\n\t\r\n\t\t\r\n\t\t\t<\/div>\r\n<\/div>\r\n<\/li>\r\n\r\n<li class=\"product-col product-awq_onimage product type-product post-2837 status-publish last instock product_cat-meyve has-post-thumbnail shipping-taxable product-type-simple\">\r\n<div class=\"product-inner\">\r\n\t\r\n\t<div class=\"product-image\">\r\n\r\n\t\t<a  href=\"https:\/\/www.toklutarim.com.tr\/en\/product\/nektarin\/\" aria-label=\"product\">\r\n\t\t\t<div class=\"inner\"><img loading=\"lazy\" decoding=\"async\" width=\"900\" height=\"675\" src=\"https:\/\/www.toklutarim.com.tr\/wp-content\/uploads\/2023\/08\/nektari-.jpg\" class=\"wp-post-image\" alt=\"\" srcset=\"https:\/\/www.toklutarim.com.tr\/wp-content\/uploads\/2023\/08\/nektari-.jpg 900w, https:\/\/www.toklutarim.com.tr\/wp-content\/uploads\/2023\/08\/nektari--768x576.jpg 768w, https:\/\/www.toklutarim.com.tr\/wp-content\/uploads\/2023\/08\/nektari--463x348.jpg 463w, https:\/\/www.toklutarim.com.tr\/wp-content\/uploads\/2023\/08\/nektari--640x480.jpg 640w, https:\/\/www.toklutarim.com.tr\/wp-content\/uploads\/2023\/08\/nektari--400x300.jpg 400w\" sizes=\"auto, (max-width: 900px) 100vw, 900px\" \/><\/div>\t\t<\/a>\r\n\t\t\t<div class=\"links-on-image\">\r\n\t\t\t<div class=\"add-links-wrap\">\r\n\t<div class=\"add-links no-effect clearfix\">\r\n\t\t<a href=\"https:\/\/www.toklutarim.com.tr\/en\/product\/nektarin\/\" data-quantity=\"1\" class=\"viewcart-style-1 button product_type_simple add_to_cart_read_more\" data-product_id=\"2837\" data-product_sku=\"\" aria-label=\"Browse the Product\" aria-describedby=\"\" rel=\"nofollow\" data-no-translation=\"\" data-trp-gettext=\"\" data-no-translation-aria-label=\"\">Read more<\/a>\t<\/div>\r\n\t<\/div>\r\n\t\t<\/div>\r\n\t\t\t<\/div>\r\n\r\n\t<div class=\"product-content\">\r\n\t\t<span class=\"category-list\"><a href=\"https:\/\/www.toklutarim.com.tr\/en\/product-category\/meyve\/\" rel=\"tag\">Fruit<\/a><\/span>\r\n\t\t\t<a class=\"product-loop-title\"  href=\"https:\/\/www.toklutarim.com.tr\/en\/product\/nektarin\/\">\r\n\t<h3 class=\"woocommerce-loop-product__title\">Nectarine<\/h3>\t<\/a>\r\n\t\r\n\t\t\r\n\t\t\t<\/div>\r\n<\/div>\r\n<\/li>\r\n<\/ul>\r\n<\/div><\/div><\/div><\/div><\/div><\/div><\/div><\/div>\n<\/section>","protected":false},"excerpt":{"rendered":"Hakk\u0131m\u0131zda Firmam\u0131z, 2000 y\u0131l\u0131nda narenciye yeti\u015ftiricili\u011fi ile ba\u015flad\u0131\u011f\u0131 \u00fcretim ser\u00fcvenini narenciye, \u015feftali, erik, kay\u0131s\u0131, nar bah\u00e7eleri, muz serlar\u0131 ve so\u011fuk hava deposu yat\u0131r\u0131mlar\u0131 ile g\u00fc\u00e7lendirmeyi ba\u015farm\u0131\u015f, kaliteli \u00fcr\u00fcn ve m\u00fc\u015fteri memnuniyeti odakl\u0131 anlay\u0131\u015f\u0131 ile birlikte sekt\u00f6rde sayg\u0131n bir konuma eri\u015fmi\u015ftir. Firmam\u0131z Adana b\u00f6lgesinde kuru-sulu tar\u0131m dahil olmak \u00fczere, narenciye, sert \u00e7ekirdekli meyve, nar, muz yeti\u015ftirmekte [...]","protected":false},"author":1,"featured_media":0,"parent":0,"menu_order":0,"comment_status":"closed","ping_status":"closed","template":"","meta":{"footnotes":""},"class_list":["post-143","page","type-page","status-publish","hentry"],"_links":{"self":[{"href":"https:\/\/www.toklutarim.com.tr\/en\/wp-json\/wp\/v2\/pages\/143","targetHints":{"allow":["GET"]}}],"collection":[{"href":"https:\/\/www.toklutarim.com.tr\/en\/wp-json\/wp\/v2\/pages"}],"about":[{"href":"https:\/\/www.toklutarim.com.tr\/en\/wp-json\/wp\/v2\/types\/page"}],"author":[{"embeddable":true,"href":"https:\/\/www.toklutarim.com.tr\/en\/wp-json\/wp\/v2\/users\/1"}],"replies":[{"embeddable":true,"href":"https:\/\/www.toklutarim.com.tr\/en\/wp-json\/wp\/v2\/comments?post=143"}],"version-history":[{"count":53,"href":"https:\/\/www.toklutarim.com.tr\/en\/wp-json\/wp\/v2\/pages\/143\/revisions"}],"predecessor-version":[{"id":2972,"href":"https:\/\/www.toklutarim.com.tr\/en\/wp-json\/wp\/v2\/pages\/143\/revisions\/2972"}],"wp:attachment":[{"href":"https:\/\/www.toklutarim.com.tr\/en\/wp-json\/wp\/v2\/media?parent=143"}],"curies":[{"name":"wp","href":"https:\/\/api.w.org\/{rel}","templated":true}]}}