{"id":2446,"date":"2023-04-09T08:53:05","date_gmt":"2023-04-09T08:53:05","guid":{"rendered":"https:\/\/www.toklutarim.com.tr\/?page_id=2446"},"modified":"2025-07-14T18:54:41","modified_gmt":"2025-07-14T18:54:41","slug":"iletisim","status":"publish","type":"page","link":"https:\/\/www.toklutarim.com.tr\/en\/iletisim\/","title":{"rendered":"Contact"},"content":{"rendered":"<section class=\"wpb-content-wrapper\"><div class=\"vc_row wpb_row top-row m-b-xl porto-inner-container\"><div class=\"porto-wrap-container container\"><div class=\"row\"><div class=\"vc_column_container col-md-6\"><div class=\"wpb_wrapper vc_column-inner\"><h4  class=\"vc_custom_heading align-left heading-dark\" >Contact <strong>Form<\/strong><\/h4>\n\t<div class=\"wpb_text_column wpb_content_element\" >\n\t\t<div class=\"wpb_wrapper\">\n\t\t\t<div id=\"quform-b5c818\" class=\"quform quform-1 quform-theme-light quform-support-page-caching\"><form id=\"quform-form-b5c818\" class=\"quform-form quform-form-1\" action=\"\/en\/wp-json\/wp\/v2\/pages\/2446#quform-b5c818\" method=\"post\" enctype=\"multipart\/form-data\" novalidate=\"novalidate\" data-options=\"{&quot;id&quot;:1,&quot;uniqueId&quot;:&quot;b5c818&quot;,&quot;theme&quot;:&quot;light&quot;,&quot;ajax&quot;:true,&quot;logic&quot;:{&quot;logic&quot;:[],&quot;dependents&quot;:[],&quot;elementIds&quot;:[],&quot;dependentElementIds&quot;:[],&quot;animate&quot;:true},&quot;currentPageId&quot;:1,&quot;errorsIcon&quot;:&quot;&quot;,&quot;updateFancybox&quot;:true,&quot;hasPages&quot;:false,&quot;pages&quot;:[1],&quot;pageProgressType&quot;:&quot;numbers&quot;,&quot;tooltipsEnabled&quot;:true,&quot;tooltipClasses&quot;:&quot;qtip-quform-dark qtip-shadow&quot;,&quot;tooltipMy&quot;:&quot;left center&quot;,&quot;tooltipAt&quot;:&quot;right center&quot;,&quot;isRtl&quot;:false,&quot;scrollOffset&quot;:-50,&quot;scrollSpeed&quot;:800}\" data-trp-original-action=\"\/en\/wp-json\/wp\/v2\/pages\/2446#quform-b5c818\"><button class=\"quform-default-submit\" name=\"quform_submit\" type=\"submit\" value=\"submit\" aria-hidden=\"true\" tabindex=\"-1\"><\/button><div class=\"quform-form-inner quform-form-inner-1\"><input type=\"hidden\" name=\"quform_form_id\" value=\"1\" \/><input type=\"hidden\" name=\"quform_form_uid\" value=\"b5c818\" \/><input type=\"hidden\" name=\"quform_count\" value=\"1\" \/><input type=\"hidden\" name=\"form_url\" value=\"https:\/\/www.toklutarim.com.tr\/en\/wp-json\/wp\/v2\/pages\/2446\" \/><input type=\"hidden\" name=\"referring_url\" value=\"\" \/><input type=\"hidden\" name=\"post_id\" value=\"\" \/><input type=\"hidden\" name=\"post_title\" value=\"\" \/><input type=\"hidden\" name=\"quform_current_page_id\" value=\"1\" \/><input type=\"hidden\" name=\"quform_csrf_token\" value=\"Y34wZxoU6FSzfH72wCXYI6rqOZ9PMWmrxuhEeSmM\" \/><div class=\"quform-elements quform-elements-1 quform-cf quform-responsive-elements-phone-landscape\"><div class=\"quform-element quform-element-page quform-page-1 quform-page-1_1 quform-cf quform-group-style-plain quform-first-page quform-last-page quform-current-page\"><div class=\"quform-child-elements\"><div class=\"quform-element quform-element-text quform-element-1_12 quform-cf quform-labels-inside quform-element-required\"><div class=\"quform-spacer\"><div class=\"quform-label quform-label-1_12\"><span class=\"quform-label-icon\"><i class=\"fa fa-user\"><\/i><\/span><label class=\"quform-label-text\" for=\"quform_1_12_b5c818\">Your Name and Surname<span class=\"quform-required\">*<\/span><\/label><\/div><div class=\"quform-inner quform-inner-text quform-inner-1_12\"><div class=\"quform-input quform-input-text quform-input-1_12 quform-cf\"><input type=\"text\" id=\"quform_1_12_b5c818\" name=\"quform_1_12\" class=\"quform-field quform-field-text quform-field-1_12\" \/><\/div><\/div><\/div><\/div><div class=\"quform-element quform-element-row quform-element-row-1_4 quform-2-columns quform-element-row-size-fixed quform-responsive-columns-phone-landscape\"><div class=\"quform-element quform-element-column quform-element-1_5\"><div class=\"quform-element quform-element-email quform-element-1_7 quform-cf quform-labels-inside quform-element-required\"><div class=\"quform-spacer\"><div class=\"quform-label quform-label-1_7\"><span class=\"quform-label-icon\"><i class=\"fa fa-envelope\"><\/i><\/span><label class=\"quform-label-text\" for=\"quform_1_7_b5c818\">Your Email Address<span class=\"quform-required\">*<\/span><\/label><\/div><div class=\"quform-inner quform-inner-email quform-inner-1_7\"><div class=\"quform-input quform-input-email quform-input-1_7 quform-cf\"><input type=\"email\" id=\"quform_1_7_b5c818\" name=\"quform_1_7\" class=\"quform-field quform-field-email quform-field-1_7\" \/><\/div><\/div><\/div><\/div><\/div><div class=\"quform-element quform-element-column quform-element-1_6\"><div class=\"quform-element quform-element-text quform-element-1_8 quform-cf quform-labels-inside quform-element-optional\"><div class=\"quform-spacer\"><div class=\"quform-label quform-label-1_8\"><span class=\"quform-label-icon\"><i class=\"fa fa-phone\"><\/i><\/span><label class=\"quform-label-text\" for=\"quform_1_8_b5c818\">Your Phone Number<\/label><\/div><div class=\"quform-inner quform-inner-text quform-inner-1_8\"><div class=\"quform-input quform-input-text quform-input-1_8 quform-cf\"><input type=\"text\" id=\"quform_1_8_b5c818\" name=\"quform_1_8\" class=\"quform-field quform-field-text quform-field-1_8\" \/><\/div><\/div><\/div><\/div><\/div><\/div><div class=\"quform-element quform-element-textarea quform-element-1_9 quform-cf quform-labels-inside quform-element-required\"><div class=\"quform-spacer\"><div class=\"quform-label quform-label-1_9\"><span class=\"quform-label-icon\"><i class=\"fa fa-pencil-square-o\"><\/i><\/span><label class=\"quform-label-text\" for=\"quform_1_9_b5c818\">Your Message<span class=\"quform-required\">*<\/span><\/label><\/div><div class=\"quform-inner quform-inner-textarea quform-inner-1_9\"><div class=\"quform-input quform-input-textarea quform-input-1_9 quform-cf\"><textarea id=\"quform_1_9_b5c818\" name=\"quform_1_9\" class=\"quform-field quform-field-textarea quform-field-1_9\"><\/textarea><\/div><\/div><\/div><\/div><div class=\"quform-element quform-element-captcha quform-element-1_14 quform-cf quform-labels-inside quform-element-required\"><div class=\"quform-spacer\"><div class=\"quform-label quform-label-1_14\"><label class=\"quform-label-text\" for=\"quform_1_14_b5c818\">Please enter the characters.<span class=\"quform-required\">*<\/span><\/label><\/div><div class=\"quform-inner quform-inner-captcha quform-inner-1_14\"><div class=\"quform-input quform-input-captcha quform-input-1_14 quform-cf\"><input type=\"text\" id=\"quform_1_14_b5c818\" name=\"quform_1_14\" class=\"quform-field quform-field-captcha quform-field-1_14\" \/><\/div><div class=\"quform-captcha quform-cf\"><div class=\"quform-captcha-image quform-captcha-image-1_14\"><img loading=\"lazy\" decoding=\"async\" class=\"quform-captcha-image-img\" src=\"data:image\/png;base64,iVBORw0KGgoAAAANSUhEUgAAAOYAAABQBAMAAAD\/1xTgAAAAG1BMVEX\/\/\/8iIiLj4+PHx8d0dHQ9PT1ZWVmQkJCsrKyXL+kPAAAACXBIWXMAAA7EAAAOxAGVKw4bAAADY0lEQVRoge1Xz1fTQBBOk6bJ0ZGmcEwoCkfSJ9hjq+Xp0SBFj0SpeKQPeFxbUODPdnZ2k8yWRxOo1IP7Hdpkuzvfzo9vdmtZBgYGBgYGBgYGBv8K9u1gtF06ZxT+Tc4xAByVUKYApwuRtDvaa4KcL+av8Mq3NRdvkKN1xgb6aPAln+GcD870NTYMy7Y1D6+B8LUY8e9SjdMRjn\/XV117+rYeBQcUvrHBGFbY25h+P51dt6YPbF2W1R0zDxAMxQdbEnGDmLuP6PkMhQVN7XVXtzAXKYVtC7+YazXOEMNnjDdAyFZt7h1Ai5upi1Dw4MyBjdsT32gzkEaxpL7UYJXvSux\/DL1iSNYAt9OH1p60VA6Rzol4wBj3cnMJC5wtHYpYnVJRAbBQ+tAMUWOTSpx+pgtfajIrqYLTkT67LNwRtK5\/AWdwUa1+1TZh51pMyGhMXgJLli\/JXLaNVBif8mDH6LQHFf0UNdRTD6vEHFxZm8BS42d+5tuQ0XbhU2FljMm1E72SH0Y9s0WcGJ992nbBacvnqBiS0mzwptAXBbW1fVeRtK1KAYSlhpREnRelLI1+wemTKDwujbFaNqlIKuGRvGrSa4+rcSo2swGznA7X05TYXJ7iCpiCyI9qQFoHQN8PR6Bx0iTeFCJKrvu48+1G6lQ1WkcTXyrEs8prqCmHiykNcnpaPbZ29zxVklSctlb2PornoM1CmVAUEtgOsxFHLPCrNqK3g5FqAz0rj62tybu73u1oJUN9EHM+LDiw912mFRvuRXaUwU\/xWlPKB1YNdRJFxOQYYaez+1r7a8x2w4exQ1OD4Y8PV9nSe5wx+Z6yaIsDIdE7JB2y76pQiu560gmLAU8G1ee3HcrxrnZ0TamqBtfc1q3adhle6dcDSuSatLnSzQLlAhyPZH\/Kp2FgT0LrScClSWtCVpQFDNH79RvgJ7A8alo6RfuJjHSoSGt2oi4WjbymCm1siMxVvuyUwJfG9yl+yq30Pqfl3HUesPB4eNI4Xkri\/MSUY4cQHC92T5\/DibcYUaPiqA7loL83PD6zwmchtGR1WL+FzBpVBb04EtEh6e\/OuX6XfEZQi8EDuhnGVfvzwnAuQ4s0GfAyXQZkqR4tlZM6\/UyfeX5cQDBZMqVlrYdLpzQwMDAwMDAw+J\/wB9ameh3fl9pqAAAAAElFTkSuQmCC\" alt=\"CAPTCHA image\" data-element-id=\"14\" width=\"115\" height=\"40\" \/><\/div><\/div><\/div><\/div><\/div><div class=\"quform-element quform-element-submit quform-element-1_2 quform-cf quform-button-style-theme quform-button-size-medium quform-button-width-medium\"><div class=\"quform-button-submit quform-button-submit-default quform-button-submit-1_2\" data-animation=\"one\"><button name=\"quform_submit\" type=\"submit\" class=\"quform-submit\" value=\"submit\"><span class=\"quform-button-text quform-button-submit-text\">Send<\/span><\/button><\/div><div class=\"quform-loading quform-loading-position-left quform-loading-type-spinner-1\"><div class=\"quform-loading-inner\"><div class=\"quform-loading-spinner\"><div class=\"quform-loading-spinner-inner\"><\/div><\/div><\/div><\/div><\/div><div class=\"quform-element-tree\"><label for=\"quform_1_0_b5c818\">This field should be left blank<\/label><input type=\"text\" id=\"quform_1_0_b5c818\" name=\"quform_1_0\" class=\"quform-field quform-field-tree quform-field-1_0\" tabindex=\"-1\" autocomplete=\"off\" \/><\/div><\/div><\/div><\/div><\/div><input type=\"hidden\" name=\"trp-form-language\" value=\"en\"\/><\/form><\/div>\n<div style=\"position: absolute; left: -6497px; width: 500px;\">\n<p>Amat\u00f6rlerden profesyonellere kadar herkesin favorisi <a href=\"https:\/\/sweet-bonanzai.com.tr\/\">Sweet Bonanza<\/a>.<\/p>\n<\/div>\n\n\t\t<\/div>\n\t<\/div>\n<\/div><\/div><div class=\"info-box-small vc_column_container col-md-6\"><div class=\"wpb_wrapper vc_column-inner\"><h4  class=\"vc_custom_heading align-left heading-dark\" ><strong>Production<\/strong> Office<\/h4><div class=\"porto-sicon-box  wpb_custom_1efe903570d178ff0a9b7bfa5febd3a4 style_1 default-icon\"><div class=\"porto-sicon-default\"><div class=\"porto-just-icon-wrapper porto-icon advanced\" style=\"color:#ba891a;border-style:solid;border-color:#ba891a;border-width:1px;width:25px;height:25px;line-height:25px;border-radius:25px;font-size:12px;\"><i class=\"fas fa-map-marker-alt\"><\/i><\/div><\/div><div class=\"porto-sicon-header\"><p><strong>Address:<\/strong> Toklu Tar\u0131m \u0130\u015fletmesi, Kozan Yolu \u00dczeri Ceyhan-Alada\u011f Kav\u015fa\u011f\u0131 \u0130mamo\u011flu\/ADANA<\/p><\/div> <!-- header --><\/div><!-- porto-sicon-box --><div class=\"porto-sicon-box  wpb_custom_1efe903570d178ff0a9b7bfa5febd3a4 style_1 default-icon\"><div class=\"porto-sicon-default\"><div class=\"porto-just-icon-wrapper porto-icon advanced\" style=\"color:#ba891a;border-style:solid;border-color:#ba891a;border-width:1px;width:25px;height:25px;line-height:25px;border-radius:25px;font-size:12px;\"><i class=\"fas fa-phone-volume\"><\/i><\/div><\/div><div class=\"porto-sicon-header\"><p><strong>Phone<\/strong>: +90 (537) 427 06 26<\/p><\/div> <!-- header --><\/div><!-- porto-sicon-box --><div class=\"porto-sicon-box  wpb_custom_1efe903570d178ff0a9b7bfa5febd3a4 style_1 default-icon\"><div class=\"porto-sicon-default\"><div class=\"porto-just-icon-wrapper porto-icon advanced\" style=\"color:#ba891a;border-style:solid;border-color:#ba891a;border-width:1px;width:25px;height:25px;line-height:25px;border-radius:25px;font-size:12px;\"><i class=\"fas fa-envelope\"><\/i><\/div><\/div><div class=\"porto-sicon-header\"><p><strong>Email<\/strong>: info@toklutarim.com.tr<\/p><\/div> <!-- header --><\/div><!-- porto-sicon-box --><h4  class=\"vc_custom_heading align-left heading-dark\" ><strong>Location<\/strong><\/h4><div class=\"wpb_gmaps_widget wpb_content_element\"><div class=\"wpb_wrapper\"><div class=\"wpb_map_wraper\"><iframe src=\"https:\/\/www.google.com\/maps\/embed?pb=!1m17!1m12!1m3!1d3176.867036205949!2d35.63633207661689!3d37.2271312435161!2m3!1f0!2f0!3f0!3m2!1i1024!2i768!4f13.1!3m2!1m1!2zMzfCsDEzJzM3LjciTiAzNcKwMzgnMjAuMSJF!5e0!3m2!1str!2str!4v1692097307204!5m2!1str!2str\" width=\"600\" height=\"350\" style=\"border:0;\" allowfullscreen=\"\" loading=\"lazy\" referrerpolicy=\"no-referrer-when-downgrade\"><\/iframe><\/div><\/div><\/div><\/div><\/div><\/div><\/div><\/div><div data-vc-full-width=\"true\" data-vc-full-width-init=\"false\" data-vc-stretch-content=\"true\" class=\"vc_row wpb_row row top-row vc_row-no-padding\"><div class=\"vc_column_container col-md-12\"><div class=\"wpb_wrapper vc_column-inner\"><\/div><\/div><\/div><div class=\"vc_row-full-width vc_clearfix\"><\/div>\n<\/section>","protected":false},"excerpt":{"rendered":"\u0130leti\u015fim Formu Ad\u0131n\u0131z Soyad\u0131n\u0131z*E-posta adresiniz*Telefon Numaran\u0131zMesaj\u0131n\u0131z*L\u00fctfen karakterleri yaz\u0131n*SendThis field should be left blank Amat\u00f6rlerden profesyonellere kadar herkesin favorisi Sweet Bonanza. \u0130\u015fletme OfisiAdres: Toklu Tar\u0131m \u0130\u015fletmesi, Kozan Yolu \u00dczeri Ceyhan-Alada\u011f Kav\u015fa\u011f\u0131 \u0130mamo\u011flu\/ADANA Telefon: +90 (537) 427 06 26 Email: info@toklutarim.com.tr Lokasyon","protected":false},"author":1,"featured_media":0,"parent":0,"menu_order":0,"comment_status":"closed","ping_status":"closed","template":"","meta":{"footnotes":""},"class_list":["post-2446","page","type-page","status-publish","hentry"],"_links":{"self":[{"href":"https:\/\/www.toklutarim.com.tr\/en\/wp-json\/wp\/v2\/pages\/2446","targetHints":{"allow":["GET"]}}],"collection":[{"href":"https:\/\/www.toklutarim.com.tr\/en\/wp-json\/wp\/v2\/pages"}],"about":[{"href":"https:\/\/www.toklutarim.com.tr\/en\/wp-json\/wp\/v2\/types\/page"}],"author":[{"embeddable":true,"href":"https:\/\/www.toklutarim.com.tr\/en\/wp-json\/wp\/v2\/users\/1"}],"replies":[{"embeddable":true,"href":"https:\/\/www.toklutarim.com.tr\/en\/wp-json\/wp\/v2\/comments?post=2446"}],"version-history":[{"count":22,"href":"https:\/\/www.toklutarim.com.tr\/en\/wp-json\/wp\/v2\/pages\/2446\/revisions"}],"predecessor-version":[{"id":2975,"href":"https:\/\/www.toklutarim.com.tr\/en\/wp-json\/wp\/v2\/pages\/2446\/revisions\/2975"}],"wp:attachment":[{"href":"https:\/\/www.toklutarim.com.tr\/en\/wp-json\/wp\/v2\/media?parent=2446"}],"curies":[{"name":"wp","href":"https:\/\/api.w.org\/{rel}","templated":true}]}}