{"id":2750,"date":"2023-08-07T09:56:28","date_gmt":"2023-08-07T09:56:28","guid":{"rendered":"https:\/\/www.toklutarim.com.tr\/?page_id=2750"},"modified":"2023-08-15T12:01:56","modified_gmt":"2023-08-15T12:01:56","slug":"vizyonumuz-misyonumuz","status":"publish","type":"page","link":"https:\/\/www.toklutarim.com.tr\/en\/kurumsal\/vizyonumuz-misyonumuz\/","title":{"rendered":"Vision &amp; Mission"},"content":{"rendered":"<section class=\"wpb-content-wrapper\"><div class=\"vc_row wpb_row row top-row\"><div class=\"vc_column_container col-md-12\"><div class=\"wpb_wrapper vc_column-inner\">\n\t<div class=\"wpb_text_column wpb_content_element\" >\n\t\t<div class=\"wpb_wrapper\">\n\t\t\t<p><strong>OUR VISION<\/strong><br \/>\nOur corporate vision is to be an innovative and leading company that analyzes the needs of our customers in the best way, develops new products and services in this direction, offers them to its customers, to be a reliable and respected business partner to its customers.<\/p>\n<p><strong>OUR MISSION<\/strong><br \/>\nWe embrace a mission to maintain the highest quality standards and keep customer satisfaction at the forefront. We closely monitor the echoes of technological advancements worldwide, integrating these developments into our operations to achieve boundary-pushing performance. With an open approach to innovation, we aim to combine our knowledge and experience for sustainable growth. With our highly skilled team and modern infrastructure, we strive to be an exemplary institution by offering the best industry practices. By providing our employees with an environment where they can enhance their skills and freely express their creativity, we aspire to be the creator of a collaborative family culture.<\/p>\n\n\t\t<\/div>\n\t<\/div>\n<\/div><\/div><\/div>\n<\/section>","protected":false},"excerpt":{"rendered":"V\u0130ZYONUMUZ M\u00fc\u015fterilerimizin ihtiya\u00e7lar\u0131n\u0131 en iyi \u015fekilde analiz eden, bu do\u011frultuda yeni \u00fcr\u00fcnler ve hizmetler geli\u015ftirerek bunlar\u0131 m\u00fc\u015fterilerine sunan, m\u00fc\u015fterilerine kar\u015f\u0131 g\u00fcvenilir ve sayg\u0131n bir i\u015f orta\u011f\u0131 olan, kendi alan\u0131nda uzman yenilik\u00e7i ve lider bir \u015firket olmakt\u0131r. M\u0130SYONUMUZ \u00dcst\u00fcn kalite standartlar\u0131na ba\u011fl\u0131 kalarak, m\u00fc\u015fteri memnuniyetini en \u00fcst seviyede tutmay\u0131 misyon ediniyoruz. Teknolojik geli\u015fmelerin d\u00fcnya genelindeki yank\u0131lar\u0131n\u0131 [...]","protected":false},"author":1,"featured_media":0,"parent":2756,"menu_order":0,"comment_status":"closed","ping_status":"closed","template":"","meta":{"footnotes":""},"class_list":["post-2750","page","type-page","status-publish","hentry"],"_links":{"self":[{"href":"https:\/\/www.toklutarim.com.tr\/en\/wp-json\/wp\/v2\/pages\/2750","targetHints":{"allow":["GET"]}}],"collection":[{"href":"https:\/\/www.toklutarim.com.tr\/en\/wp-json\/wp\/v2\/pages"}],"about":[{"href":"https:\/\/www.toklutarim.com.tr\/en\/wp-json\/wp\/v2\/types\/page"}],"author":[{"embeddable":true,"href":"https:\/\/www.toklutarim.com.tr\/en\/wp-json\/wp\/v2\/users\/1"}],"replies":[{"embeddable":true,"href":"https:\/\/www.toklutarim.com.tr\/en\/wp-json\/wp\/v2\/comments?post=2750"}],"version-history":[{"count":4,"href":"https:\/\/www.toklutarim.com.tr\/en\/wp-json\/wp\/v2\/pages\/2750\/revisions"}],"predecessor-version":[{"id":2938,"href":"https:\/\/www.toklutarim.com.tr\/en\/wp-json\/wp\/v2\/pages\/2750\/revisions\/2938"}],"up":[{"embeddable":true,"href":"https:\/\/www.toklutarim.com.tr\/en\/wp-json\/wp\/v2\/pages\/2756"}],"wp:attachment":[{"href":"https:\/\/www.toklutarim.com.tr\/en\/wp-json\/wp\/v2\/media?parent=2750"}],"curies":[{"name":"wp","href":"https:\/\/api.w.org\/{rel}","templated":true}]}}