{"id":2753,"date":"2023-08-07T09:58:04","date_gmt":"2023-08-07T09:58:04","guid":{"rendered":"https:\/\/www.toklutarim.com.tr\/?page_id=2753"},"modified":"2023-08-07T10:12:28","modified_gmt":"2023-08-07T10:12:28","slug":"kalite-politikamiz","status":"publish","type":"page","link":"https:\/\/www.toklutarim.com.tr\/en\/kurumsal\/kalite-politikamiz\/","title":{"rendered":"Quality Policy"},"content":{"rendered":"<section class=\"wpb-content-wrapper\"><div class=\"vc_row wpb_row row top-row\"><div class=\"vc_column_container col-md-12\"><div class=\"wpb_wrapper vc_column-inner\">\n\t<div class=\"wpb_text_column wpb_content_element\" >\n\t\t<div class=\"wpb_wrapper\">\n\t\t\t<ul>\n<li>To provide quality &amp; customer satisfaction oriented products &amp; services by considering customer\u2019s demands &amp; expectations.<\/li>\n<li>To remember all of our suppliers &amp; customers are the nature part of our team .<\/li>\n<li>To comply with all legal obligations, laws and regulations related to the occupational health and safety.<\/li>\n<li>To take the necessary precautions to minimize any damage, occupations health and safety hazards, accidents, emergency incidents that may occur during our operation.<\/li>\n<li>To monitor, control and reduce by ensuring the recycling of waste generated during production.<\/li>\n<li>To control and ensure the suitability &amp; sustainability of our Quality Management Procedures are aligned with our processes<\/li>\n<\/ul>\n\n\t\t<\/div>\n\t<\/div>\n<\/div><\/div><\/div>\n<\/section>","protected":false},"excerpt":{"rendered":"M\u00fc\u015fteri talep ve beklentilerini g\u00f6zeterek kalite ve memnuniyet odakl\u0131 \u00fcretim ve hizmet sa\u011flanmas\u0131, T\u00fcm m\u00fc\u015fterilerimizin ve tedarik\u00e7ilerimizin, ekibimizin do\u011fal bir par\u00e7as\u0131 oldu\u011funu unutmamak, t\u00fcm \u00e7al\u0131\u015fanlar\u0131m\u0131z i\u00e7in sayg\u0131n bir \u015firket olmak, \u0130\u015f sa\u011fl\u0131\u011f\u0131 ve i\u015f g\u00fcvenli\u011fi ile ilgili t\u00fcm yasak zorunluluklara, kanun ve y\u00f6netmeliklere uymak, Faaliyetlerimiz esnas\u0131nda meydana gelebilecek kaza ve acil durumlara kar\u015f\u0131 i\u015f g\u00fcvenli\u011fi [...]","protected":false},"author":1,"featured_media":0,"parent":2756,"menu_order":0,"comment_status":"closed","ping_status":"closed","template":"","meta":{"footnotes":""},"class_list":["post-2753","page","type-page","status-publish","hentry"],"_links":{"self":[{"href":"https:\/\/www.toklutarim.com.tr\/en\/wp-json\/wp\/v2\/pages\/2753","targetHints":{"allow":["GET"]}}],"collection":[{"href":"https:\/\/www.toklutarim.com.tr\/en\/wp-json\/wp\/v2\/pages"}],"about":[{"href":"https:\/\/www.toklutarim.com.tr\/en\/wp-json\/wp\/v2\/types\/page"}],"author":[{"embeddable":true,"href":"https:\/\/www.toklutarim.com.tr\/en\/wp-json\/wp\/v2\/users\/1"}],"replies":[{"embeddable":true,"href":"https:\/\/www.toklutarim.com.tr\/en\/wp-json\/wp\/v2\/comments?post=2753"}],"version-history":[{"count":2,"href":"https:\/\/www.toklutarim.com.tr\/en\/wp-json\/wp\/v2\/pages\/2753\/revisions"}],"predecessor-version":[{"id":2759,"href":"https:\/\/www.toklutarim.com.tr\/en\/wp-json\/wp\/v2\/pages\/2753\/revisions\/2759"}],"up":[{"embeddable":true,"href":"https:\/\/www.toklutarim.com.tr\/en\/wp-json\/wp\/v2\/pages\/2756"}],"wp:attachment":[{"href":"https:\/\/www.toklutarim.com.tr\/en\/wp-json\/wp\/v2\/media?parent=2753"}],"curies":[{"name":"wp","href":"https:\/\/api.w.org\/{rel}","templated":true}]}}