{"id":58,"date":"2016-06-13T16:11:07","date_gmt":"2016-06-13T16:11:07","guid":{"rendered":"http:\/\/sw-themes.com\/porto_dummy\/?page_id=58"},"modified":"2023-08-15T12:00:12","modified_gmt":"2023-08-15T12:00:12","slug":"hakkimizda","status":"publish","type":"page","link":"https:\/\/www.toklutarim.com.tr\/en\/kurumsal\/hakkimizda\/","title":{"rendered":"About Us"},"content":{"rendered":"<section class=\"wpb-content-wrapper\"><div class=\"vc_row wpb_row row top-row\"><div class=\"vc_column_container col-md-12\"><div class=\"wpb_wrapper vc_column-inner\">\n\t<div class=\"wpb_text_column wpb_content_element\" >\n\t\t<div class=\"wpb_wrapper\">\n\t\t\t<p>Our journey started as a citrus producer in 2000 and continued by expanding our production capacity with citrus, peach, plum, apricot, pomegranate gardens, banana greenhouses and cold storage facility investments and reached to a reputable position in the sector &amp; region with our customer satisfaction &amp; quality product oriented approach.<\/p>\n<p>Our company is operating as growing citrus fruits, stone fruits, pomegranates, bananas, including dry-irrigated agriculture in the Adana region and takes steps to strengthen its position in the sector with its investments in citrus-fruit packaging plant, cold storage facility and citrus&amp;fruit export under \u201cQUA Fruits &amp; Vegetables\u201d brand to meet the needs of its customers. Our company continues to its commercial activities with its innovative investments.<\/p>\n<p>Our quality philosophy, centered around customer satisfaction, forms the foundation of our esteemed position in the industry. This position is the result of years of accumulated knowledge and meticulous work. The fresh flavor and healthy nutritional values of our products have not only exceeded consumer expectations but have also allowed us to set new industry standards.<\/p>\n<p>We have also taken significant steps in the export field, aiming to crown this success in the global market. We set out with the vision of providing customers worldwide with healthy and delicious experiences, offering our quality products at the most competitive prices. The transcending flavors of our products enrich the tables of diverse cultures, thus supporting our mission to contribute to a healthy lifestyle.<\/p>\n<p>Throughout our journey, we view the achievements we've attained as just the beginning. We are excited to continue on a journey filled with innovations for the future. Together with our valued customers and business partners, we eagerly anticipate reaching many more fruitful years ahead.<\/p>\n\n\t\t<\/div>\n\t<\/div>\n<\/div><\/div><\/div>\n<\/section>","protected":false},"excerpt":{"rendered":"Firmam\u0131z, 2000 y\u0131l\u0131nda narenciye yeti\u015ftiricili\u011fi ile ba\u015flad\u0131\u011f\u0131 \u00fcretim ser\u00fcvenini narenciye, \u015feftali, erik, kay\u0131s\u0131, nar bah\u00e7eleri, muz serlar\u0131 ve so\u011fuk hava deposu yat\u0131r\u0131mlar\u0131 ile g\u00fc\u00e7lendirmeyi ba\u015farm\u0131\u015f, kaliteli \u00fcr\u00fcn ve m\u00fc\u015fteri memnuniyeti odakl\u0131 anlay\u0131\u015f\u0131 ile birlikte sekt\u00f6rde sayg\u0131n bir konuma eri\u015fmi\u015ftir. Firmam\u0131z Adana b\u00f6lgesinde kuru-sulu tar\u0131m dahil olmak \u00fczere, narenciye, sert \u00e7ekirdekli meyve, nar, muz yeti\u015ftirmekte olup [...]","protected":false},"author":1,"featured_media":0,"parent":2756,"menu_order":0,"comment_status":"closed","ping_status":"closed","template":"","meta":{"footnotes":""},"class_list":["post-58","page","type-page","status-publish","hentry"],"_links":{"self":[{"href":"https:\/\/www.toklutarim.com.tr\/en\/wp-json\/wp\/v2\/pages\/58","targetHints":{"allow":["GET"]}}],"collection":[{"href":"https:\/\/www.toklutarim.com.tr\/en\/wp-json\/wp\/v2\/pages"}],"about":[{"href":"https:\/\/www.toklutarim.com.tr\/en\/wp-json\/wp\/v2\/types\/page"}],"author":[{"embeddable":true,"href":"https:\/\/www.toklutarim.com.tr\/en\/wp-json\/wp\/v2\/users\/1"}],"replies":[{"embeddable":true,"href":"https:\/\/www.toklutarim.com.tr\/en\/wp-json\/wp\/v2\/comments?post=58"}],"version-history":[{"count":14,"href":"https:\/\/www.toklutarim.com.tr\/en\/wp-json\/wp\/v2\/pages\/58\/revisions"}],"predecessor-version":[{"id":2937,"href":"https:\/\/www.toklutarim.com.tr\/en\/wp-json\/wp\/v2\/pages\/58\/revisions\/2937"}],"up":[{"embeddable":true,"href":"https:\/\/www.toklutarim.com.tr\/en\/wp-json\/wp\/v2\/pages\/2756"}],"wp:attachment":[{"href":"https:\/\/www.toklutarim.com.tr\/en\/wp-json\/wp\/v2\/media?parent=58"}],"curies":[{"name":"wp","href":"https:\/\/api.w.org\/{rel}","templated":true}]}}